{"id":23,"date":"2023-06-13T12:16:14","date_gmt":"2023-06-13T12:16:14","guid":{"rendered":"https:\/\/originmarbella.com\/?page_id=23"},"modified":"2025-10-03T09:48:40","modified_gmt":"2025-10-03T09:48:40","slug":"contact","status":"publish","type":"page","link":"https:\/\/originmarbella.com\/en\/contact\/","title":{"rendered":"Contact"},"content":{"rendered":"\n<div class=\"wp-block-group ic-contact-wrapper\"><div class=\"wp-block-group__inner-container is-layout-constrained wp-block-group-is-layout-constrained\">\n<div class=\"wp-block-group container\"><div class=\"wp-block-group__inner-container is-layout-constrained wp-block-group-is-layout-constrained\">\n<p class=\"has-text-align-center ic-fs-36 ic-ff-title\">We would love to help you<\/p>\n\n\n\n<p class=\"has-text-align-center\">If you have any query, please contact us.<br>Fill out the form below with your personal data and we will contact you as soon as possible.<\/p>\n\n\n\n<div class=\"wp-block-contact-form-7-contact-form-selector footercf7\">\n<div class=\"wpcf7 no-js\" id=\"wpcf7-f1196-o1\" lang=\"en-US\" dir=\"ltr\" data-wpcf7-id=\"1196\">\n<div class=\"screen-reader-response\"><p role=\"status\" aria-live=\"polite\" aria-atomic=\"true\"><\/p> <ul><\/ul><\/div>\n<form action=\"\/en\/wp-json\/wp\/v2\/pages\/23#wpcf7-f1196-o1\" method=\"post\" class=\"wpcf7-form init wpcf7-acceptance-as-validation\" aria-label=\"Contact form\" novalidate=\"novalidate\" data-status=\"init\">\n<fieldset class=\"hidden-fields-container\"><input type=\"hidden\" name=\"_wpcf7\" value=\"1196\" \/><input type=\"hidden\" name=\"_wpcf7_version\" value=\"6.1.5\" \/><input type=\"hidden\" name=\"_wpcf7_locale\" value=\"en_US\" \/><input type=\"hidden\" name=\"_wpcf7_unit_tag\" value=\"wpcf7-f1196-o1\" \/><input type=\"hidden\" name=\"_wpcf7_container_post\" value=\"0\" \/><input type=\"hidden\" name=\"_wpcf7_posted_data_hash\" value=\"\" \/><input type=\"hidden\" name=\"_wpcf7_recaptcha_response\" value=\"\" \/>\n<\/fieldset>\n<div class=\"row\">\n\t<div class=\"col-md-6\">\n\t\t<p><label><span class=\"wpcf7-form-control-wrap\" data-name=\"full-name\"><input size=\"40\" maxlength=\"400\" class=\"wpcf7-form-control wpcf7-text wpcf7-validates-as-required form-control\" aria-required=\"true\" aria-invalid=\"false\" placeholder=\"First name and surname *\" value=\"\" type=\"text\" name=\"full-name\" \/><\/span><\/label>\n\t\t<\/p>\n\t<\/div>\n\t<div class=\"col-md-6\">\n\t\t<p><label><span class=\"wpcf7-form-control-wrap\" data-name=\"email\"><input size=\"40\" maxlength=\"400\" class=\"wpcf7-form-control wpcf7-email wpcf7-validates-as-required wpcf7-text wpcf7-validates-as-email form-control\" aria-required=\"true\" aria-invalid=\"false\" placeholder=\"Email *\" value=\"\" type=\"email\" name=\"email\" \/><\/span><\/label>\n\t\t<\/p>\n\t<\/div>\n<\/div>\n<div class=\"row\">\n\t<div class=\"col-md-6\">\n\t\t<p><label><span class=\"wpcf7-form-control-wrap\" data-name=\"country\"><input size=\"40\" class=\"wpcf7-form-control wpcf7-countrytext wpcf7-text wpcf7-validates-as-countrytext form-control\" readonly=\"readonly\" aria-invalid=\"false\" placeholder=\"Country\" value=\"\" type=\"text\" name=\"country\" \/><\/span><\/label>\n\t\t<\/p>\n\t<\/div>\n\t<div class=\"col-md-3\">\n\t\t<p><label><span class=\"wpcf7-form-control-wrap\" data-name=\"phone\"><input size=\"40\" class=\"wpcf7-form-control wpcf7-phonetext wpcf7-text wpcf7-validates-as-phonetext\" data-numberonly=\"true\" aria-invalid=\"false\" placeholder=\"Phone\" value=\"\" type=\"text\" name=\"phone\" \/><input type=\"hidden\" name=\"phone-country-code\" class=\"wpcf7-phonetext-country-code\" \/><\/span><\/label>\n\t\t<\/p>\n\t<\/div>\n\t<div class=\"col-md-3\">\n\t\t<p><label><span class=\"wpcf7-form-control-wrap\" data-name=\"horario\"><select class=\"wpcf7-form-control wpcf7-select\" aria-invalid=\"false\" name=\"horario\"><option value=\"Preferred contact time\">Preferred contact time<\/option><option value=\"Morning\">Morning<\/option><option value=\"Evening\">Evening<\/option><\/select><\/span><\/label>\n\t\t<\/p>\n\t<\/div>\n\t<div class=\"col-12\">\n\t\t<p><span class=\"wpcf7-form-control-wrap\" data-name=\"textarea-consulta\"><textarea cols=\"40\" rows=\"1\" maxlength=\"2000\" class=\"wpcf7-form-control wpcf7-textarea form-control\" aria-invalid=\"false\" placeholder=\"Write your inquiry\" name=\"textarea-consulta\"><\/textarea><\/span>\n\t\t<\/p>\n\t<\/div>\n<\/div>\n<div class=\"row\">\n\t<div class=\"col-md-12 pb-4 form-legals\">\n\t\t<div class=\"mb-2\">\n\t\t\t<p><label><span class=\"wpcf7-form-control-wrap\" data-name=\"legal\"><span class=\"wpcf7-form-control wpcf7-acceptance\"><span class=\"wpcf7-list-item\"><label><input type=\"checkbox\" name=\"legal\" value=\"1\" aria-invalid=\"false\" \/><span class=\"wpcf7-list-item-label\">I have read and accept the <a href=\"\/en\/legal-advise\/\" target=\"_blank\">Legal Notice<\/a> and <a href=\"\/en\/privacy-policy\/\" target=\"_blank\">Privacy Policy<\/a>*<\/span><\/label><\/span><\/span><\/span><\/label>\n\t\t\t<\/p>\n\t\t<\/div>\n\t\t<div class=\"mt-1\">\n\t\t\t<p><label><span class=\"wpcf7-form-control-wrap\" data-name=\"commercial\"><span class=\"wpcf7-form-control wpcf7-acceptance optional\"><span class=\"wpcf7-list-item\"><label><input type=\"checkbox\" name=\"commercial\" value=\"1\" aria-invalid=\"false\" \/><span class=\"wpcf7-list-item-label\">I expressly consent to receiving commercial information, including by electronic means, regarding real estate promotions, products, activities, and other services provided by <a href=\"https:\/\/grupoinsur.com\/en\/insur-group\/business\" target=\"_blank\"><u>Grupo Insur<\/u><\/a><\/span><\/label><\/span><\/span><\/span><\/label>\n\t\t\t<\/p>\n\t\t<\/div>\n\t\t<div class=\"mt-1\">\n\t\t\t<p><label><span class=\"wpcf7-form-control-wrap\" data-name=\"perfil\"><span class=\"wpcf7-form-control wpcf7-acceptance optional\"><span class=\"wpcf7-list-item\"><label><input type=\"checkbox\" name=\"perfil\" value=\"1\" aria-invalid=\"false\" \/><span class=\"wpcf7-list-item-label\">I expressly consent to the creation and\/or enhancement of my consumer profile based on the analysis of my data in order to send me personalized offers tailored to my interests<\/span><\/label><\/span><\/span><\/span><\/label>\n\t\t\t<\/p>\n\t\t<\/div>\n\t<\/div>\n<\/div>\n<div class=\"row\">\n\t<div class=\"col-md-12\">\n\t\t<p><input class=\"wpcf7-form-control wpcf7-submit has-spinner\" type=\"submit\" value=\"Send\" \/>\n\t\t<\/p>\n\t<\/div>\n<\/div>\n<input class=\"wpcf7-form-control wpcf7-hidden\" id=\"field_sent_from_page_url\" value=\"\" type=\"hidden\" name=\"field_sent_from_page_url\" \/>\n<input class=\"wpcf7-form-control wpcf7-hidden\" id=\"field_utm_source\" value=\"\" type=\"hidden\" name=\"utm_source\" \/>\n<input class=\"wpcf7-form-control wpcf7-hidden\" id=\"field_utm_medium\" value=\"\" type=\"hidden\" name=\"utm_medium\" \/>\n<input class=\"wpcf7-form-control wpcf7-hidden\" id=\"field_utm_campaign\" value=\"\" type=\"hidden\" name=\"utm_campaign\" \/><div class=\"wpcf7-response-output\" aria-hidden=\"true\"><\/div>\n<\/form>\n<\/div>\n<\/div>\n\n\n\n<p class=\"has-text-align-center\" style=\"font-size:12px;line-height:1.4\">Basic information <strong>CONTACT FORM<\/strong><br><strong>Data Controller:<\/strong> IDS RESIDENCIAL LOS MONTEROS, S.A. A90212010. <strong>Purpose<\/strong>: To respond to your queries or questions. <strong>Legal basis<\/strong>: Consent. <strong>Recipients<\/strong>: Strictly necessary data processors. <strong>Rights<\/strong>: Access, opposition, limitation, and others can be exercised at <a href=\"mailto:dpo@grupoinsur.com\">dpo@grupoinsur.com<\/a>. <strong>Additional information can be found at:<\/strong> <a href=\"https:\/\/originmarbella.com\/privacy-policy\/\" target=\"_blank\" rel=\"noreferrer noopener\">Privacy Policy<\/a><em><strong>.<\/strong><\/em><\/p>\n\n\n\n<div class=\"wp-block-group ic-contact-details\"><div class=\"wp-block-group__inner-container is-layout-constrained wp-block-group-is-layout-constrained\">\n<p class=\"has-text-align-center\"><strong>VISIT OUR SALES OFFICE<\/strong><\/p>\n\n\n\n<p class=\"has-text-align-center\"> Urb. Altos de los Monteros, Parcela J <br>PC 29603 Marbella, M\u00e1laga<br><a href=\"https:\/\/www.google.com\/maps\/dir\/\/36.5248146,-4.8409977\/@36.5254906,-4.8429071,839m\/data=!3m1!1e3!4m2!4m1!3e0?entry=ttu\">How to get there<\/a><\/p>\n\n\n\n<p class=\"has-text-align-center\">Tel: <a href=\"tel:+34951344630\">+34 951 344 630<\/a> <br>Email: <a href=\"mailto:origin@grupoinsur.com\">origin@grupoinsur.com<\/a><\/p>\n\n\n\n<div style=\"height:64px\" aria-hidden=\"true\" class=\"wp-block-spacer\"><\/div>\n\n\n<div class=\"wp-block-image\">\n<figure class=\"aligncenter size-large is-resized\"><img loading=\"lazy\" decoding=\"async\" width=\"392\" height=\"118\" src=\"https:\/\/originmarbella.com\/wp-content\/uploads\/2023\/10\/logo-white.svg\" alt=\"\" class=\"wp-image-1055\" style=\"object-fit:contain;width:250px;height:76px\"\/><\/figure>\n<\/div><\/div><\/div>\n<\/div><\/div>\n<\/div><\/div>\n\n\n\n<div class=\"wp-block-group ic-imagelinks\"><div class=\"wp-block-group__inner-container is-layout-constrained wp-block-group-is-layout-constrained\"><!-- imagelinks begin -->\n<div id=\"imgl-1-154yd\" class=\"imgl-map imgl-map-1 \"data-json-src=\"https:\/\/originmarbella.com\/wp-content\/uploads\/imagelinks\/1\/config.json?ver=1695814382\" data-item-id=\"1\" style=\"display:none;\" >\n<div class=\"imgl-store\">\n<div class=\"imgl-pin imgl-pin-1\" data-id=\"1\">\n<div class=\"imgl-pin-data\">\n<\/div>\n<\/div>\n<div class=\"imgl-pin imgl-pin-2\" data-id=\"2\">\n<div class=\"imgl-pin-data\">\n<\/div>\n<\/div>\n<div class=\"imgl-pin imgl-pin-3\" data-id=\"3\">\n<div class=\"imgl-pin-data\">\n<\/div>\n<\/div>\n<div class=\"imgl-pin imgl-pin-4\" data-id=\"4\">\n<div class=\"imgl-pin-data\">\n<\/div>\n<\/div>\n<div class=\"imgl-pin imgl-pin-5\" data-id=\"5\">\n<div class=\"imgl-pin-data\">\n<\/div>\n<\/div>\n<div class=\"imgl-pin imgl-pin-6\" data-id=\"6\">\n<div class=\"imgl-pin-data\">\n<\/div>\n<\/div>\n<div class=\"imgl-pin imgl-pin-7\" data-id=\"7\">\n<div class=\"imgl-pin-data\">\n<\/div>\n<\/div>\n<div class=\"imgl-pin imgl-pin-8\" data-id=\"8\">\n<div class=\"imgl-pin-data\">\n<\/div>\n<\/div>\n<div class=\"imgl-pin imgl-pin-9\" data-id=\"9\">\n<div class=\"imgl-pin-data\">\n<\/div>\n<\/div>\n<div class=\"imgl-pin imgl-pin-10\" data-id=\"10\">\n<div class=\"imgl-pin-data\">\n<\/div>\n<\/div>\n<div class=\"imgl-pin imgl-pin-11\" data-id=\"11\">\n<div class=\"imgl-pin-data\">\n<\/div>\n<\/div>\n<div class=\"imgl-pin imgl-pin-12\" data-id=\"12\">\n<div class=\"imgl-pin-data\">\n<\/div>\n<\/div>\n<div class=\"imgl-pin imgl-pin-13\" data-id=\"13\">\n<div class=\"imgl-pin-data\">\n<\/div>\n<\/div>\n<div class=\"imgl-pin imgl-pin-14\" data-id=\"14\">\n<div class=\"imgl-pin-data\">\n<\/div>\n<\/div>\n<div class=\"imgl-pin imgl-pin-15\" data-id=\"15\">\n<div class=\"imgl-pin-data\">\n<\/div>\n<\/div>\n<div class=\"imgl-pin imgl-pin-16\" data-id=\"16\">\n<div class=\"imgl-pin-data\">\n<\/div>\n<\/div>\n<div class=\"imgl-tt imgl-tt-1\" data-id=\"1\" >\nOrigin Marbella<\/div>\n<div class=\"imgl-tt imgl-tt-2\" data-id=\"2\" >\nOrigin Marbella<\/div>\n<div class=\"imgl-tt imgl-tt-3\" data-id=\"3\" >\nRio Real Golf Course [18 holes]<\/div>\n<div class=\"imgl-tt imgl-tt-4\" data-id=\"4\" >\nSanta Clara Golf [18 holes]<\/div>\n<div class=\"imgl-tt imgl-tt-5\" data-id=\"5\" >\nLa Ca\u00f1ada Shopping Centre<\/div>\n<div class=\"imgl-tt imgl-tt-6\" data-id=\"6\" >\nNext Construction Four Seasons Resort<\/div>\n<div class=\"imgl-tt imgl-tt-7\" data-id=\"7\" >\nTrocadero Arena Beach Club<\/div>\n<div class=\"imgl-tt imgl-tt-8\" data-id=\"8\" >\nLa Cabanne Restaurant<\/div>\n<div class=\"imgl-tt imgl-tt-9\" data-id=\"9\" >\nMarbella Center<\/div>\n<div class=\"imgl-tt imgl-tt-10\" data-id=\"10\" >\nHotel Puente Romano <\/div>\n<div class=\"imgl-tt imgl-tt-11\" data-id=\"11\" >\nMarbella Golden Mile<\/div>\n<div class=\"imgl-tt imgl-tt-12\" data-id=\"12\" >\nMarbella Club<\/div>\n<div class=\"imgl-tt imgl-tt-13\" data-id=\"13\" >\nPlaya Padre Beach Club<\/div>\n<div class=\"imgl-tt imgl-tt-14\" data-id=\"14\" >\nEl Repique Equestrian Centre<\/div>\n<div class=\"imgl-tt imgl-tt-15\" data-id=\"15\" >\nParque Nagueles<\/div>\n<div class=\"imgl-tt imgl-tt-16\" data-id=\"16\" >\nStarlite<\/div>\n<\/div>\n<\/div>\n<!-- imagelinks end -->\n\n<\/div><\/div>\n","protected":false},"excerpt":{"rendered":"<p>We would love to help you If you have any query, please contact us.Fill out the form below with your personal data and we will contact you as soon as possible. Basic information CONTACT FORMData&#8230;<\/p>\n","protected":false},"author":1,"featured_media":0,"parent":0,"menu_order":0,"comment_status":"closed","ping_status":"closed","template":"","meta":{"content-type":"","inline_featured_image":false,"footnotes":""},"class_list":["post-23","page","type-page","status-publish","hentry"],"yoast_head":"<!-- This site is optimized with the Yoast SEO plugin v27.6 - https:\/\/yoast.com\/product\/yoast-seo-wordpress\/ -->\n<title>Contact - Origin<\/title>\n<meta name=\"robots\" content=\"index, follow, max-snippet:-1, max-image-preview:large, max-video-preview:-1\" \/>\n<link rel=\"canonical\" href=\"https:\/\/originmarbella.com\/en\/contact\/\" \/>\n<meta property=\"og:locale\" content=\"en_US\" \/>\n<meta property=\"og:type\" content=\"article\" \/>\n<meta property=\"og:title\" content=\"Contact - Origin\" \/>\n<meta property=\"og:description\" content=\"We would love to help you If you have any query, please contact us.Fill out the form below with your personal data and we will contact you as soon as possible. Basic information CONTACT FORMData...\" \/>\n<meta property=\"og:url\" content=\"https:\/\/originmarbella.com\/en\/contact\/\" \/>\n<meta property=\"og:site_name\" content=\"Origin\" \/>\n<meta property=\"article:modified_time\" content=\"2025-10-03T09:48:40+00:00\" \/>\n<meta name=\"twitter:card\" content=\"summary_large_image\" \/>\n<meta name=\"twitter:label1\" content=\"Est. reading time\" \/>\n\t<meta name=\"twitter:data1\" content=\"1 minute\" \/>\n<script type=\"application\/ld+json\" class=\"yoast-schema-graph\">{\"@context\":\"https:\\\/\\\/schema.org\",\"@graph\":[{\"@type\":\"WebPage\",\"@id\":\"https:\\\/\\\/originmarbella.com\\\/en\\\/contact\\\/\",\"url\":\"https:\\\/\\\/originmarbella.com\\\/en\\\/contact\\\/\",\"name\":\"Contact - Origin\",\"isPartOf\":{\"@id\":\"https:\\\/\\\/originmarbella.com\\\/en\\\/es\\\/#website\"},\"primaryImageOfPage\":{\"@id\":\"https:\\\/\\\/originmarbella.com\\\/en\\\/contact\\\/#primaryimage\"},\"image\":{\"@id\":\"https:\\\/\\\/originmarbella.com\\\/en\\\/contact\\\/#primaryimage\"},\"thumbnailUrl\":\"https:\\\/\\\/originmarbella.com\\\/wp-content\\\/uploads\\\/2023\\\/10\\\/logo-white.svg\",\"datePublished\":\"2023-06-13T12:16:14+00:00\",\"dateModified\":\"2025-10-03T09:48:40+00:00\",\"breadcrumb\":{\"@id\":\"https:\\\/\\\/originmarbella.com\\\/en\\\/contact\\\/#breadcrumb\"},\"inLanguage\":\"en-US\",\"potentialAction\":[{\"@type\":\"ReadAction\",\"target\":[\"https:\\\/\\\/originmarbella.com\\\/en\\\/contact\\\/\"]}]},{\"@type\":\"ImageObject\",\"inLanguage\":\"en-US\",\"@id\":\"https:\\\/\\\/originmarbella.com\\\/en\\\/contact\\\/#primaryimage\",\"url\":\"https:\\\/\\\/originmarbella.com\\\/wp-content\\\/uploads\\\/2023\\\/10\\\/logo-white.svg\",\"contentUrl\":\"https:\\\/\\\/originmarbella.com\\\/wp-content\\\/uploads\\\/2023\\\/10\\\/logo-white.svg\"},{\"@type\":\"BreadcrumbList\",\"@id\":\"https:\\\/\\\/originmarbella.com\\\/en\\\/contact\\\/#breadcrumb\",\"itemListElement\":[{\"@type\":\"ListItem\",\"position\":1,\"name\":\"Home\",\"item\":\"https:\\\/\\\/originmarbella.com\\\/en\\\/\"},{\"@type\":\"ListItem\",\"position\":2,\"name\":\"Contact\"}]},{\"@type\":\"WebSite\",\"@id\":\"https:\\\/\\\/originmarbella.com\\\/en\\\/es\\\/#website\",\"url\":\"https:\\\/\\\/originmarbella.com\\\/en\\\/es\\\/\",\"name\":\"Origin Marbella\",\"description\":\"Origin, es un refugio bien equipado que ofrece interiores lujosos, residencias espaciosas, \u00e1reas de trabajo tranquilos y ordenados, adem\u00e1s de sofisticadas zonas de descanso o diversi\u00f3n entre amigos.\",\"publisher\":{\"@id\":\"https:\\\/\\\/originmarbella.com\\\/en\\\/es\\\/#organization\"},\"potentialAction\":[{\"@type\":\"SearchAction\",\"target\":{\"@type\":\"EntryPoint\",\"urlTemplate\":\"https:\\\/\\\/originmarbella.com\\\/en\\\/es\\\/?s={search_term_string}\"},\"query-input\":{\"@type\":\"PropertyValueSpecification\",\"valueRequired\":true,\"valueName\":\"search_term_string\"}}],\"inLanguage\":\"en-US\"},{\"@type\":\"Organization\",\"@id\":\"https:\\\/\\\/originmarbella.com\\\/en\\\/es\\\/#organization\",\"name\":\"Grupo Insur\",\"url\":\"https:\\\/\\\/originmarbella.com\\\/en\\\/es\\\/\",\"logo\":{\"@type\":\"ImageObject\",\"inLanguage\":\"en-US\",\"@id\":\"https:\\\/\\\/originmarbella.com\\\/en\\\/es\\\/#\\\/schema\\\/logo\\\/image\\\/\",\"url\":\"https:\\\/\\\/origin.imagenconsulting.com\\\/wp-content\\\/uploads\\\/2023\\\/06\\\/logo-insur.svg\",\"contentUrl\":\"https:\\\/\\\/origin.imagenconsulting.com\\\/wp-content\\\/uploads\\\/2023\\\/06\\\/logo-insur.svg\",\"width\":1,\"height\":1,\"caption\":\"Grupo Insur\"},\"image\":{\"@id\":\"https:\\\/\\\/originmarbella.com\\\/en\\\/es\\\/#\\\/schema\\\/logo\\\/image\\\/\"}}]}<\/script>\n<!-- \/ Yoast SEO plugin. -->","yoast_head_json":{"title":"Contact - Origin","robots":{"index":"index","follow":"follow","max-snippet":"max-snippet:-1","max-image-preview":"max-image-preview:large","max-video-preview":"max-video-preview:-1"},"canonical":"https:\/\/originmarbella.com\/en\/contact\/","og_locale":"en_US","og_type":"article","og_title":"Contact - Origin","og_description":"We would love to help you If you have any query, please contact us.Fill out the form below with your personal data and we will contact you as soon as possible. Basic information CONTACT FORMData...","og_url":"https:\/\/originmarbella.com\/en\/contact\/","og_site_name":"Origin","article_modified_time":"2025-10-03T09:48:40+00:00","twitter_card":"summary_large_image","twitter_misc":{"Est. reading time":"1 minute"},"schema":{"@context":"https:\/\/schema.org","@graph":[{"@type":"WebPage","@id":"https:\/\/originmarbella.com\/en\/contact\/","url":"https:\/\/originmarbella.com\/en\/contact\/","name":"Contact - Origin","isPartOf":{"@id":"https:\/\/originmarbella.com\/en\/es\/#website"},"primaryImageOfPage":{"@id":"https:\/\/originmarbella.com\/en\/contact\/#primaryimage"},"image":{"@id":"https:\/\/originmarbella.com\/en\/contact\/#primaryimage"},"thumbnailUrl":"https:\/\/originmarbella.com\/wp-content\/uploads\/2023\/10\/logo-white.svg","datePublished":"2023-06-13T12:16:14+00:00","dateModified":"2025-10-03T09:48:40+00:00","breadcrumb":{"@id":"https:\/\/originmarbella.com\/en\/contact\/#breadcrumb"},"inLanguage":"en-US","potentialAction":[{"@type":"ReadAction","target":["https:\/\/originmarbella.com\/en\/contact\/"]}]},{"@type":"ImageObject","inLanguage":"en-US","@id":"https:\/\/originmarbella.com\/en\/contact\/#primaryimage","url":"https:\/\/originmarbella.com\/wp-content\/uploads\/2023\/10\/logo-white.svg","contentUrl":"https:\/\/originmarbella.com\/wp-content\/uploads\/2023\/10\/logo-white.svg"},{"@type":"BreadcrumbList","@id":"https:\/\/originmarbella.com\/en\/contact\/#breadcrumb","itemListElement":[{"@type":"ListItem","position":1,"name":"Home","item":"https:\/\/originmarbella.com\/en\/"},{"@type":"ListItem","position":2,"name":"Contact"}]},{"@type":"WebSite","@id":"https:\/\/originmarbella.com\/en\/es\/#website","url":"https:\/\/originmarbella.com\/en\/es\/","name":"Origin Marbella","description":"Origin, es un refugio bien equipado que ofrece interiores lujosos, residencias espaciosas, \u00e1reas de trabajo tranquilos y ordenados, adem\u00e1s de sofisticadas zonas de descanso o diversi\u00f3n entre amigos.","publisher":{"@id":"https:\/\/originmarbella.com\/en\/es\/#organization"},"potentialAction":[{"@type":"SearchAction","target":{"@type":"EntryPoint","urlTemplate":"https:\/\/originmarbella.com\/en\/es\/?s={search_term_string}"},"query-input":{"@type":"PropertyValueSpecification","valueRequired":true,"valueName":"search_term_string"}}],"inLanguage":"en-US"},{"@type":"Organization","@id":"https:\/\/originmarbella.com\/en\/es\/#organization","name":"Grupo Insur","url":"https:\/\/originmarbella.com\/en\/es\/","logo":{"@type":"ImageObject","inLanguage":"en-US","@id":"https:\/\/originmarbella.com\/en\/es\/#\/schema\/logo\/image\/","url":"https:\/\/origin.imagenconsulting.com\/wp-content\/uploads\/2023\/06\/logo-insur.svg","contentUrl":"https:\/\/origin.imagenconsulting.com\/wp-content\/uploads\/2023\/06\/logo-insur.svg","width":1,"height":1,"caption":"Grupo Insur"},"image":{"@id":"https:\/\/originmarbella.com\/en\/es\/#\/schema\/logo\/image\/"}}]}},"_links":{"self":[{"href":"https:\/\/originmarbella.com\/en\/wp-json\/wp\/v2\/pages\/23","targetHints":{"allow":["GET"]}}],"collection":[{"href":"https:\/\/originmarbella.com\/en\/wp-json\/wp\/v2\/pages"}],"about":[{"href":"https:\/\/originmarbella.com\/en\/wp-json\/wp\/v2\/types\/page"}],"author":[{"embeddable":true,"href":"https:\/\/originmarbella.com\/en\/wp-json\/wp\/v2\/users\/1"}],"replies":[{"embeddable":true,"href":"https:\/\/originmarbella.com\/en\/wp-json\/wp\/v2\/comments?post=23"}],"version-history":[{"count":19,"href":"https:\/\/originmarbella.com\/en\/wp-json\/wp\/v2\/pages\/23\/revisions"}],"predecessor-version":[{"id":4014,"href":"https:\/\/originmarbella.com\/en\/wp-json\/wp\/v2\/pages\/23\/revisions\/4014"}],"wp:attachment":[{"href":"https:\/\/originmarbella.com\/en\/wp-json\/wp\/v2\/media?parent=23"}],"curies":[{"name":"wp","href":"https:\/\/api.w.org\/{rel}","templated":true}]}}